{"id":211,"date":"2023-07-12T04:17:28","date_gmt":"2023-07-12T04:17:28","guid":{"rendered":"http:\/\/builto-demo.pbminfotech.com\/demo1\/?page_id=2689"},"modified":"2025-03-26T05:38:19","modified_gmt":"2025-03-26T05:38:19","slug":"nosotros","status":"publish","type":"page","link":"https:\/\/koanhub.com\/ultrasegur\/nosotros\/","title":{"rendered":"Nosotros"},"content":{"rendered":"\t\t<div data-elementor-type=\"wp-page\" data-elementor-id=\"211\" class=\"elementor elementor-211\" data-elementor-post-type=\"page\">\n\t\t\t\t\t\t<section class=\"elementor-section elementor-top-section elementor-element elementor-element-525a378d elementor-section-stretched pbmit-col-stretched-none pbmit-cursor-color-blackish-color pbmit-bg-color-over-image elementor-section-boxed elementor-section-height-default elementor-section-height-default\" data-id=\"525a378d\" data-element_type=\"section\" data-e-type=\"section\" data-settings=\"{&quot;stretch_section&quot;:&quot;section-stretched&quot;}\">\n\t\t\t\t\t\t<div class=\"elementor-container elementor-column-gap-no\">\n\t\t\t\t\t<div class=\"elementor-column elementor-col-100 elementor-top-column elementor-element elementor-element-757c81f1 pbmit-bg-color-over-image\" data-id=\"757c81f1\" data-element_type=\"column\" data-e-type=\"column\">\n\t\t\t<div class=\"elementor-widget-wrap elementor-element-populated\">\n\t\t\t\t\t\t<div class=\"elementor-element elementor-element-6cefecf pbmit-align-center elementor-widget elementor-widget-pbmit_custom_heading\" data-id=\"6cefecf\" data-element_type=\"widget\" data-e-type=\"widget\" data-widget_type=\"pbmit_custom_heading.default\">\n\t\t\t\t<div class=\"elementor-widget-container\">\n\t\t\t\t\t\t<div class=\"pbmit-custom-heading center-align animation-style2\"><h2 class=\"pbmit-element-title\">\r\n\t\t\t\r\n\t\t\t\tSobre ULTRASEGUR\r\n\t\t\t\r\n\t\t\t<\/h2>\r\n\t\t<\/div>\t\t\t\t<\/div>\n\t\t\t\t<\/div>\n\t\t\t\t<section class=\"elementor-section elementor-inner-section elementor-element elementor-element-ef3792f pbmit-col-stretched-none pbmit-cursor-color-blackish-color pbmit-bg-color-over-image elementor-section-boxed elementor-section-height-default elementor-section-height-default\" data-id=\"ef3792f\" data-element_type=\"section\" data-e-type=\"section\">\n\t\t\t\t\t\t<div class=\"elementor-container elementor-column-gap-default\">\n\t\t\t\t\t<div class=\"elementor-column elementor-col-50 elementor-inner-column elementor-element elementor-element-0e5b172 pbmit-bg-color-over-image\" data-id=\"0e5b172\" data-element_type=\"column\" data-e-type=\"column\">\n\t\t\t<div class=\"elementor-widget-wrap elementor-element-populated\">\n\t\t\t\t\t\t<div class=\"elementor-element elementor-element-ce58370 elementor-widget elementor-widget-text-editor\" data-id=\"ce58370\" data-element_type=\"widget\" data-e-type=\"widget\" data-widget_type=\"text-editor.default\">\n\t\t\t\t<div class=\"elementor-widget-container\">\n\t\t\t\t\t\t\t\t\t<p>Somos una empresa especializada en seguridad privada con presencia en varias ciudades del pa\u00eds. Brindamos soluciones adaptadas a distintos sectores, garantizando protecci\u00f3n en entornos empresariales, residenciales e industriales.<\/p>\t\t\t\t\t\t\t\t<\/div>\n\t\t\t\t<\/div>\n\t\t\t\t<div class=\"elementor-element elementor-element-28f2fd3 elementor-widget elementor-widget-text-editor\" data-id=\"28f2fd3\" data-element_type=\"widget\" data-e-type=\"widget\" data-widget_type=\"text-editor.default\">\n\t\t\t\t<div class=\"elementor-widget-container\">\n\t\t\t\t\t\t\t\t\t<p>Nuestro enfoque combina la experiencia y capacitaci\u00f3n de nuestro personal con tecnolog\u00eda avanzada. A trav\u00e9s de sistemas electr\u00f3nicos de vigilancia, monitoreo en tiempo real y protocolos estrat\u00e9gicos, ofrecemos un servicio integral que optimiza cada operaci\u00f3n.<\/p>\t\t\t\t\t\t\t\t<\/div>\n\t\t\t\t<\/div>\n\t\t\t\t<div class=\"elementor-element elementor-element-8f16876 elementor-widget elementor-widget-text-editor\" data-id=\"8f16876\" data-element_type=\"widget\" data-e-type=\"widget\" data-widget_type=\"text-editor.default\">\n\t\t\t\t<div class=\"elementor-widget-container\">\n\t\t\t\t\t\t\t\t\t<p>Desarrollamos soluciones eficientes e integradas, ajustadas a las necesidades de cada cliente, asegurando un entorno seguro y controlado mediante estrategias innovadoras.<\/p>\t\t\t\t\t\t\t\t<\/div>\n\t\t\t\t<\/div>\n\t\t\t\t<div class=\"elementor-element elementor-element-edbd355 elementor-widget elementor-widget-html\" data-id=\"edbd355\" data-element_type=\"widget\" data-e-type=\"widget\" data-widget_type=\"html.default\">\n\t\t\t\t<div class=\"elementor-widget-container\">\n\t\t\t\t\t<aside id=\"custom_html-2\" class=\"widget_text widget widget_custom_html\">\n    <div class=\"textwidget custom-html-widget\" style=\"height:70px;border:solid #dddddd 2px;\">\n        <div class=\"download\">\n            <div class=\"item-download\"><a href=\"https:\/\/ultrasegur.com\/descargas\/Brochure-ULTRASEGUR.pdf\" target=\"_blank\" rel=\"noopener noreferrer\"><i class=\"pbminfotech-base-icons pbmit-base-icon-pdf-file-format-symbol\"><\/i> Descargar Brochure <i class=\"pbminfotech-base-icons pbmit-righticon pbmit-base-icon-down-arrow\"><\/i><\/a>\n            <\/div>\n        <\/div>\n    <\/div>\n<\/aside>\t\t\t\t<\/div>\n\t\t\t\t<\/div>\n\t\t\t\t\t<\/div>\n\t\t<\/div>\n\t\t\t\t<div class=\"elementor-column elementor-col-50 elementor-inner-column elementor-element elementor-element-0f1df7e pbmit-bg-color-over-image\" data-id=\"0f1df7e\" data-element_type=\"column\" data-e-type=\"column\">\n\t\t\t<div class=\"elementor-widget-wrap elementor-element-populated\">\n\t\t\t\t\t\t<div class=\"elementor-element elementor-element-4545f1ef pbmit-animation-style2 elementor-widget elementor-widget-image\" data-id=\"4545f1ef\" data-element_type=\"widget\" data-e-type=\"widget\" data-widget_type=\"image.default\">\n\t\t\t\t<div class=\"elementor-widget-container\">\n\t\t\t\t\t\t\t\t\t\t\t\t\t\t\t<img fetchpriority=\"high\" decoding=\"async\" width=\"600\" height=\"600\" src=\"https:\/\/koanhub.com\/ultrasegur\/wp-content\/uploads\/2024\/12\/image-p1.jpg\" class=\"attachment-medium_large size-medium_large wp-image-421\" alt=\"\" srcset=\"https:\/\/koanhub.com\/ultrasegur\/wp-content\/uploads\/2024\/12\/image-p1.jpg 600w, https:\/\/koanhub.com\/ultrasegur\/wp-content\/uploads\/2024\/12\/image-p1-300x300.jpg 300w, https:\/\/koanhub.com\/ultrasegur\/wp-content\/uploads\/2024\/12\/image-p1-150x150.jpg 150w, https:\/\/koanhub.com\/ultrasegur\/wp-content\/uploads\/2024\/12\/image-p1-100x100.jpg 100w, https:\/\/koanhub.com\/ultrasegur\/wp-content\/uploads\/2024\/12\/elementor\/thumbs\/image-p1-qz7acatqvpc5l4nxglwowvc9der0922i0cxix14o7c.jpg 500w, https:\/\/koanhub.com\/ultrasegur\/wp-content\/uploads\/2024\/12\/elementor\/thumbs\/image-p1-qz7acatpnujpz4i71p1isshwc2jdlaus4kccrmng68.jpg 400w\" sizes=\"(max-width: 600px) 100vw, 600px\" \/>\t\t\t\t\t\t\t\t\t\t\t\t\t\t\t<\/div>\n\t\t\t\t<\/div>\n\t\t\t\t\t<\/div>\n\t\t<\/div>\n\t\t\t\t\t<\/div>\n\t\t<\/section>\n\t\t\t\t\t<\/div>\n\t\t<\/div>\n\t\t\t\t\t<\/div>\n\t\t<\/section>\n\t\t\t\t<section class=\"elementor-section elementor-top-section elementor-element elementor-element-a662b7a pbmit-text-color-white elementor-section-full_width elementor-section-content-middle elementor-section-stretched pbmit-col-stretched-none pbmit-cursor-color-blackish-color pbmit-bg-color-over-image elementor-section-height-default elementor-section-height-default\" data-id=\"a662b7a\" data-element_type=\"section\" data-e-type=\"section\" data-settings=\"{&quot;stretch_section&quot;:&quot;section-stretched&quot;,&quot;background_background&quot;:&quot;classic&quot;}\">\n\t\t\t\t\t\t<div class=\"elementor-container elementor-column-gap-default\">\n\t\t\t\t\t<div class=\"elementor-column elementor-col-100 elementor-top-column elementor-element elementor-element-3dc3031 pbmit-bg-color-over-image\" data-id=\"3dc3031\" data-element_type=\"column\" data-e-type=\"column\">\n\t\t\t<div class=\"elementor-widget-wrap elementor-element-populated\">\n\t\t\t\t\t\t<section class=\"elementor-section elementor-inner-section elementor-element elementor-element-4a530fd pbmit-col-stretched-none pbmit-cursor-color-blackish-color pbmit-bg-color-over-image elementor-section-boxed elementor-section-height-default elementor-section-height-default\" data-id=\"4a530fd\" data-element_type=\"section\" data-e-type=\"section\">\n\t\t\t\t\t\t<div class=\"elementor-container elementor-column-gap-default\">\n\t\t\t\t\t<div class=\"elementor-column elementor-col-50 elementor-inner-column elementor-element elementor-element-b8b51c0 pbmit-bg-color-over-image\" data-id=\"b8b51c0\" data-element_type=\"column\" data-e-type=\"column\">\n\t\t\t<div class=\"elementor-widget-wrap elementor-element-populated\">\n\t\t\t\t\t\t<div class=\"elementor-element elementor-element-ca02d3a elementor-widget elementor-widget-pbmit_icon_heading\" data-id=\"ca02d3a\" data-element_type=\"widget\" data-e-type=\"widget\" data-widget_type=\"pbmit_icon_heading.default\">\n\t\t\t\t<div class=\"elementor-widget-container\">\n\t\t\t\t\t<div class=\"pbmit-ihbox pbmit-ihbox-style-4\"><div class=\"pbmit-ihbox-contents\">\r\n\t<div class=\"pbmit-ihbox-icon\"><div class=\"pbmit-ihbox-icon-wrapper pbmit-ihbox-icon-type-image\"><img decoding=\"async\" src=\"https:\/\/koanhub.com\/ultrasegur\/wp-content\/uploads\/2023\/06\/iso-ultrasegur-400-alt.png\" alt=\"&lt;h3&gt;MISI\u00d3N&lt;\/h3&gt;\" \/><\/div><\/div>\t<h3 class=\"pbmit-element-title\">\r\n\t\t\t\t\t\r\n\t\t\t\t\t\t<h3>MISI\u00d3N<\/h3>\r\n\t\t\t\t\t\r\n\t\t\t\t\t<\/h3>\r\n\t\t\t\t\t<div class=\"pbmit-heading-desc\">Ofrecer servicios de seguridad que combinen tecnolog\u00eda de punta, un equipo humano altamente capacitado y un compromiso inquebrantable con la seguridad y la \u00e9tica.<\/div><\/div>\r\n<\/div>\t\t\t\t<\/div>\n\t\t\t\t<\/div>\n\t\t\t\t\t<\/div>\n\t\t<\/div>\n\t\t\t\t<div class=\"elementor-column elementor-col-50 elementor-inner-column elementor-element elementor-element-7a4452a pbmit-bg-color-over-image\" data-id=\"7a4452a\" data-element_type=\"column\" data-e-type=\"column\">\n\t\t\t<div class=\"elementor-widget-wrap elementor-element-populated\">\n\t\t\t\t\t\t<div class=\"elementor-element elementor-element-4e2b483 elementor-widget elementor-widget-pbmit_icon_heading\" data-id=\"4e2b483\" data-element_type=\"widget\" data-e-type=\"widget\" data-widget_type=\"pbmit_icon_heading.default\">\n\t\t\t\t<div class=\"elementor-widget-container\">\n\t\t\t\t\t<div class=\"pbmit-ihbox pbmit-ihbox-style-4\"><div class=\"pbmit-ihbox-contents\">\r\n\t<div class=\"pbmit-ihbox-icon\"><div class=\"pbmit-ihbox-icon-wrapper pbmit-ihbox-icon-type-image\"><img decoding=\"async\" src=\"https:\/\/koanhub.com\/ultrasegur\/wp-content\/uploads\/2023\/06\/iso-ultrasegur-400-alt.png\" alt=\"&lt;h3&gt;VISI\u00d3N&lt;\/h3&gt;\" \/><\/div><\/div>\t<h2 class=\"pbmit-element-title\">\r\n\t\t\t\t\t\r\n\t\t\t\t\t\t<h3>VISI\u00d3N<\/h3>\r\n\t\t\t\t\t\r\n\t\t\t\t\t<\/h2>\r\n\t\t\t\t\t<div class=\"pbmit-heading-desc\">Ser l\u00edderes en el rubro de seguridad privada en todo el pa\u00eds, brindando tranquilidad a\nnuestros clientes a trav\u00e9s de soluciones innovadoras y efectivas.<\/div><\/div>\r\n<\/div>\t\t\t\t<\/div>\n\t\t\t\t<\/div>\n\t\t\t\t\t<\/div>\n\t\t<\/div>\n\t\t\t\t\t<\/div>\n\t\t<\/section>\n\t\t\t\t\t<\/div>\n\t\t<\/div>\n\t\t\t\t\t<\/div>\n\t\t<\/section>\n\t\t\t\t<section class=\"elementor-section elementor-top-section elementor-element elementor-element-4fbad571 elementor-section-full_width elementor-section-stretched pbmit-col-stretched-none pbmit-cursor-color-blackish-color pbmit-bg-color-over-image elementor-section-height-default elementor-section-height-default\" data-id=\"4fbad571\" data-element_type=\"section\" data-e-type=\"section\" data-settings=\"{&quot;stretch_section&quot;:&quot;section-stretched&quot;,&quot;background_background&quot;:&quot;classic&quot;}\">\n\t\t\t\t\t\t<div class=\"elementor-container elementor-column-gap-default\">\n\t\t\t\t\t<div class=\"elementor-column elementor-col-100 elementor-top-column elementor-element elementor-element-414d6ddd pbmit-bg-color-over-image\" data-id=\"414d6ddd\" data-element_type=\"column\" data-e-type=\"column\">\n\t\t\t<div class=\"elementor-widget-wrap elementor-element-populated\">\n\t\t\t\t\t\t<section class=\"elementor-section elementor-inner-section elementor-element elementor-element-3f87bac1 pbmit-col-stretched-none pbmit-cursor-color-blackish-color pbmit-bg-color-over-image elementor-section-boxed elementor-section-height-default elementor-section-height-default\" data-id=\"3f87bac1\" data-element_type=\"section\" data-e-type=\"section\">\n\t\t\t\t\t\t<div class=\"elementor-container elementor-column-gap-default\">\n\t\t\t\t\t<div class=\"elementor-column elementor-col-50 elementor-inner-column elementor-element elementor-element-3e52b998 pbmit-bg-color-over-image\" data-id=\"3e52b998\" data-element_type=\"column\" data-e-type=\"column\">\n\t\t\t<div class=\"elementor-widget-wrap elementor-element-populated\">\n\t\t\t\t\t\t<div class=\"elementor-element elementor-element-5de75435 pbmit-align-center elementor-widget elementor-widget-pbmit_heading\" data-id=\"5de75435\" data-element_type=\"widget\" data-e-type=\"widget\" data-widget_type=\"pbmit_heading.default\">\n\t\t\t\t<div class=\"elementor-widget-container\">\n\t\t\t\t\t\t<div class=\"pbmit-heading-subheading  animation-style3\"><h2 class=\"pbmit-element-title\">\r\n\t\t\t\r\n\t\t\t\tNUESTROS VALORES\r\n\t\t\t\r\n\t\t\t<\/h2>\r\n\t\t<\/div>\t\t\t\t<\/div>\n\t\t\t\t<\/div>\n\t\t\t\t<div class=\"elementor-element elementor-element-b072ad3 elementor-widget elementor-widget-stratum-image-hotspot\" data-id=\"b072ad3\" data-element_type=\"widget\" data-e-type=\"widget\" data-widget_type=\"stratum-image-hotspot.default\">\n\t\t\t\t<div class=\"elementor-widget-container\">\n\t\t\t\t\t<div class=\"stratum-image-hotspot\">\n    <div class=\"stratum-image-hotspot__wrapper\">\n        <div class=\"stratum-image-hotspot__image\">\n\t\t\t<img decoding=\"async\" width=\"527\" height=\"233\" src=\"https:\/\/koanhub.com\/ultrasegur\/wp-content\/uploads\/2023\/07\/inage-hostpot.png\" class=\"attachment-full size-full wp-image-129\" alt=\"\" srcset=\"https:\/\/koanhub.com\/ultrasegur\/wp-content\/uploads\/2023\/07\/inage-hostpot.png 527w, https:\/\/koanhub.com\/ultrasegur\/wp-content\/uploads\/2023\/07\/inage-hostpot-300x133.png 300w\" sizes=\"(max-width: 527px) 100vw, 527px\" \/>        <\/div>\n\t\t<div class=\"stratum-image-hotspot__dot has-animation-pulse elementor-repeater-item-8b3615a\"><div class=\"stratum-image-hotspot__dot-wrapper\" data-options=\"{&quot;open&quot;:false,&quot;tooltipArrow&quot;:true,&quot;placement&quot;:&quot;top&quot;,&quot;tooltipTheme&quot;:&quot;light&quot;,&quot;tooltipAnimation&quot;:&quot;fade&quot;,&quot;tooltipTrigger&quot;:&quot;hover&quot;,&quot;tooltipContent&quot;:&quot;&lt;strong&gt;+ Lima: &lt;\\\/strong&gt;Av. Santa Catalina 188 La Victoria - Lima&lt;br&gt;\\n&lt;strong&gt;+ Trujillo:&lt;\\\/strong&gt; Ca. La Constancia 503 4\\u00b0 Piso, Int. 45 - Urb. Huerta Grande&lt;br&gt;\\n&lt;strong&gt;+ Chiclayo:&lt;\\\/strong&gt; Ca. Vicente de la Vega N\\u00b0 1232 3\\u00b0 Piso, Oficina 305&lt;br&gt;\\n&lt;strong&gt;+ Piura:&lt;\\\/strong&gt; Av. Grau N\\u00b0 2267 3\\u00b0Piso Mz. A2 Lt. 17 - Urb. Piura&quot;,&quot;tooltipTitle&quot;:&quot;UBICANOS EN:&quot;}\"><div class=\"stratum-image-hotspot__dot-content\"><i class=\"stratum-image-hotspot__dot-icon fa fa-map-marker\"><\/i><\/div><\/div><\/div>    <\/div>\n<\/div>\n\t\t\t\t<\/div>\n\t\t\t\t<\/div>\n\t\t\t\t\t<\/div>\n\t\t<\/div>\n\t\t\t\t<div class=\"elementor-column elementor-col-50 elementor-inner-column elementor-element elementor-element-3234489 pbmit-bg-color-over-image\" data-id=\"3234489\" data-element_type=\"column\" data-e-type=\"column\">\n\t\t\t<div class=\"elementor-widget-wrap elementor-element-populated\">\n\t\t\t\t\t\t<div class=\"elementor-element elementor-element-ed787b elementor-widget elementor-widget-accordion\" data-id=\"ed787b\" data-element_type=\"widget\" data-e-type=\"widget\" data-widget_type=\"accordion.default\">\n\t\t\t\t<div class=\"elementor-widget-container\">\n\t\t\t\t\t\t\t<div class=\"elementor-accordion\">\n\t\t\t\t\t\t\t<div class=\"elementor-accordion-item\">\n\t\t\t\t\t<div id=\"elementor-tab-title-1551\" class=\"elementor-tab-title\" data-tab=\"1\" role=\"button\" aria-controls=\"elementor-tab-content-1551\" aria-expanded=\"false\">\n\t\t\t\t\t\t\t\t\t\t\t\t\t<span class=\"elementor-accordion-icon elementor-accordion-icon-left\" aria-hidden=\"true\">\n\t\t\t\t\t\t\t\t\t\t\t\t\t\t\t<span class=\"elementor-accordion-icon-closed\"><i class=\"fas fa-plus\"><\/i><\/span>\n\t\t\t\t\t\t\t\t<span class=\"elementor-accordion-icon-opened\"><i class=\"fas fa-minus\"><\/i><\/span>\n\t\t\t\t\t\t\t\t\t\t\t\t\t\t<\/span>\n\t\t\t\t\t\t\t\t\t\t\t\t<a class=\"elementor-accordion-title\" tabindex=\"0\">HONESTIDAD<\/a>\n\t\t\t\t\t<\/div>\n\t\t\t\t\t<div id=\"elementor-tab-content-1551\" class=\"elementor-tab-content elementor-clearfix\" data-tab=\"1\" role=\"region\" aria-labelledby=\"elementor-tab-title-1551\"><p>Actuamos con transparencia y responsabilidad, cumpliendo nuestros compromisos con integridad.<\/p><\/div>\n\t\t\t\t<\/div>\n\t\t\t\t\t\t\t<div class=\"elementor-accordion-item\">\n\t\t\t\t\t<div id=\"elementor-tab-title-1552\" class=\"elementor-tab-title\" data-tab=\"2\" role=\"button\" aria-controls=\"elementor-tab-content-1552\" aria-expanded=\"false\">\n\t\t\t\t\t\t\t\t\t\t\t\t\t<span class=\"elementor-accordion-icon elementor-accordion-icon-left\" aria-hidden=\"true\">\n\t\t\t\t\t\t\t\t\t\t\t\t\t\t\t<span class=\"elementor-accordion-icon-closed\"><i class=\"fas fa-plus\"><\/i><\/span>\n\t\t\t\t\t\t\t\t<span class=\"elementor-accordion-icon-opened\"><i class=\"fas fa-minus\"><\/i><\/span>\n\t\t\t\t\t\t\t\t\t\t\t\t\t\t<\/span>\n\t\t\t\t\t\t\t\t\t\t\t\t<a class=\"elementor-accordion-title\" tabindex=\"0\">TRABAJO EN EQUIPO<\/a>\n\t\t\t\t\t<\/div>\n\t\t\t\t\t<div id=\"elementor-tab-content-1552\" class=\"elementor-tab-content elementor-clearfix\" data-tab=\"2\" role=\"region\" aria-labelledby=\"elementor-tab-title-1552\"><p>Promovemos un ambiente colaborativo basado en el liderazgo, la creatividad y el respeto, asegurando un servicio eficiente y coordinado.<\/p><\/div>\n\t\t\t\t<\/div>\n\t\t\t\t\t\t\t<div class=\"elementor-accordion-item\">\n\t\t\t\t\t<div id=\"elementor-tab-title-1553\" class=\"elementor-tab-title\" data-tab=\"3\" role=\"button\" aria-controls=\"elementor-tab-content-1553\" aria-expanded=\"false\">\n\t\t\t\t\t\t\t\t\t\t\t\t\t<span class=\"elementor-accordion-icon elementor-accordion-icon-left\" aria-hidden=\"true\">\n\t\t\t\t\t\t\t\t\t\t\t\t\t\t\t<span class=\"elementor-accordion-icon-closed\"><i class=\"fas fa-plus\"><\/i><\/span>\n\t\t\t\t\t\t\t\t<span class=\"elementor-accordion-icon-opened\"><i class=\"fas fa-minus\"><\/i><\/span>\n\t\t\t\t\t\t\t\t\t\t\t\t\t\t<\/span>\n\t\t\t\t\t\t\t\t\t\t\t\t<a class=\"elementor-accordion-title\" tabindex=\"0\">LEALTAD<\/a>\n\t\t\t\t\t<\/div>\n\t\t\t\t\t<div id=\"elementor-tab-content-1553\" class=\"elementor-tab-content elementor-clearfix\" data-tab=\"3\" role=\"region\" aria-labelledby=\"elementor-tab-title-1553\"><p>Fomentamos la fidelidad y el compromiso con nuestra cultura organizacional, fortaleciendo la confianza con nuestros clientes y colaboradores.<\/p><\/div>\n\t\t\t\t<\/div>\n\t\t\t\t\t\t\t<div class=\"elementor-accordion-item\">\n\t\t\t\t\t<div id=\"elementor-tab-title-1554\" class=\"elementor-tab-title\" data-tab=\"4\" role=\"button\" aria-controls=\"elementor-tab-content-1554\" aria-expanded=\"false\">\n\t\t\t\t\t\t\t\t\t\t\t\t\t<span class=\"elementor-accordion-icon elementor-accordion-icon-left\" aria-hidden=\"true\">\n\t\t\t\t\t\t\t\t\t\t\t\t\t\t\t<span class=\"elementor-accordion-icon-closed\"><i class=\"fas fa-plus\"><\/i><\/span>\n\t\t\t\t\t\t\t\t<span class=\"elementor-accordion-icon-opened\"><i class=\"fas fa-minus\"><\/i><\/span>\n\t\t\t\t\t\t\t\t\t\t\t\t\t\t<\/span>\n\t\t\t\t\t\t\t\t\t\t\t\t<a class=\"elementor-accordion-title\" tabindex=\"0\">VOCACI\u00d3N<\/a>\n\t\t\t\t\t<\/div>\n\t\t\t\t\t<div id=\"elementor-tab-content-1554\" class=\"elementor-tab-content elementor-clearfix\" data-tab=\"4\" role=\"region\" aria-labelledby=\"elementor-tab-title-1554\"><p>Reflejamos pasi\u00f3n por la seguridad, con actitud positiva y esp\u00edritu de entrega.<\/p><\/div>\n\t\t\t\t<\/div>\n\t\t\t\t\t\t\t\t<\/div>\n\t\t\t\t\t\t<\/div>\n\t\t\t\t<\/div>\n\t\t\t\t\t<\/div>\n\t\t<\/div>\n\t\t\t\t\t<\/div>\n\t\t<\/section>\n\t\t\t\t\t<\/div>\n\t\t<\/div>\n\t\t\t\t\t<\/div>\n\t\t<\/section>\n\t\t\t\t<\/div>\n\t\t","protected":false},"excerpt":{"rendered":"<p>Sobre ULTRASEGUR Somos una empresa especializada en seguridad privada con presencia en varias ciudades del pa\u00eds. Brindamos soluciones adaptadas a distintos sectores, garantizando protecci\u00f3n en entornos empresariales, residenciales e industriales. Nuestro enfoque combina la experiencia y capacitaci\u00f3n de nuestro personal con tecnolog\u00eda avanzada. A trav\u00e9s de sistemas electr\u00f3nicos de vigilancia, monitoreo en tiempo real y [&hellip;]<\/p>\n","protected":false},"author":1,"featured_media":0,"parent":0,"menu_order":4,"comment_status":"closed","ping_status":"closed","template":"","meta":{"_acf_changed":false,"inline_featured_image":false,"footnotes":""},"class_list":["post-211","page","type-page","status-publish","hentry"],"acf":[],"aioseo_notices":[],"_links":{"self":[{"href":"https:\/\/koanhub.com\/ultrasegur\/wp-json\/wp\/v2\/pages\/211","targetHints":{"allow":["GET"]}}],"collection":[{"href":"https:\/\/koanhub.com\/ultrasegur\/wp-json\/wp\/v2\/pages"}],"about":[{"href":"https:\/\/koanhub.com\/ultrasegur\/wp-json\/wp\/v2\/types\/page"}],"author":[{"embeddable":true,"href":"https:\/\/koanhub.com\/ultrasegur\/wp-json\/wp\/v2\/users\/1"}],"replies":[{"embeddable":true,"href":"https:\/\/koanhub.com\/ultrasegur\/wp-json\/wp\/v2\/comments?post=211"}],"version-history":[{"count":247,"href":"https:\/\/koanhub.com\/ultrasegur\/wp-json\/wp\/v2\/pages\/211\/revisions"}],"predecessor-version":[{"id":3480,"href":"https:\/\/koanhub.com\/ultrasegur\/wp-json\/wp\/v2\/pages\/211\/revisions\/3480"}],"wp:attachment":[{"href":"https:\/\/koanhub.com\/ultrasegur\/wp-json\/wp\/v2\/media?parent=211"}],"curies":[{"name":"wp","href":"https:\/\/api.w.org\/{rel}","templated":true}]}}