{"id":219,"date":"2023-07-08T05:49:30","date_gmt":"2023-07-08T05:49:30","guid":{"rendered":"http:\/\/builto-demo.pbminfotech.com\/demo1\/?page_id=2230"},"modified":"2025-03-26T04:23:00","modified_gmt":"2025-03-26T04:23:00","slug":"trabaja-con-nosotros","status":"publish","type":"page","link":"https:\/\/koanhub.com\/ultrasegur\/trabaja-con-nosotros\/","title":{"rendered":"Trabaja con Nosotros"},"content":{"rendered":"\t\t<div data-elementor-type=\"wp-page\" data-elementor-id=\"219\" class=\"elementor elementor-219\" data-elementor-post-type=\"page\">\n\t\t\t\t\t\t<section class=\"elementor-section elementor-top-section elementor-element elementor-element-7c9fc20 elementor-section-full_width elementor-section-stretched pbmit-col-stretched-none pbmit-cursor-color-blackish-color pbmit-bg-color-over-image elementor-section-height-default elementor-section-height-default\" data-id=\"7c9fc20\" data-element_type=\"section\" data-e-type=\"section\" data-settings=\"{&quot;stretch_section&quot;:&quot;section-stretched&quot;}\">\n\t\t\t\t\t\t<div class=\"elementor-container elementor-column-gap-default\">\n\t\t\t\t\t<div class=\"elementor-column elementor-col-100 elementor-top-column elementor-element elementor-element-41a93e0 pbmit-bg-color-over-image\" data-id=\"41a93e0\" data-element_type=\"column\" data-e-type=\"column\">\n\t\t\t<div class=\"elementor-widget-wrap elementor-element-populated\">\n\t\t\t\t\t\t<div class=\"elementor-element elementor-element-f69c967 elementor-widget elementor-widget-shortcode\" data-id=\"f69c967\" data-element_type=\"widget\" data-e-type=\"widget\" data-widget_type=\"shortcode.default\">\n\t\t\t\t<div class=\"elementor-widget-container\">\n\t\t\t\t\t\t\t<div class=\"elementor-shortcode\">\n<div class=\"wpcf7 no-js\" id=\"wpcf7-f1919-o1\" lang=\"es-ES\" dir=\"ltr\" data-wpcf7-id=\"1919\">\n<div class=\"screen-reader-response\"><p role=\"status\" aria-live=\"polite\" aria-atomic=\"true\"><\/p> <ul><\/ul><\/div>\n<form action=\"\/ultrasegur\/wp-json\/wp\/v2\/pages\/219#wpcf7-f1919-o1\" method=\"post\" class=\"wpcf7-form init\" aria-label=\"Formulario de contacto\" enctype=\"multipart\/form-data\" novalidate=\"novalidate\" data-status=\"init\">\n<fieldset class=\"hidden-fields-container\"><input type=\"hidden\" name=\"_wpcf7\" value=\"1919\" \/><input type=\"hidden\" name=\"_wpcf7_version\" value=\"6.1.5\" \/><input type=\"hidden\" name=\"_wpcf7_locale\" value=\"es_ES\" \/><input type=\"hidden\" name=\"_wpcf7_unit_tag\" value=\"wpcf7-f1919-o1\" \/><input type=\"hidden\" name=\"_wpcf7_container_post\" value=\"0\" \/><input type=\"hidden\" name=\"_wpcf7_posted_data_hash\" value=\"\" \/>\n<\/fieldset>\n<div class=\"wp-row-ctf7\" style=\"background-color:white;font-size:14px\">\n\t<div class=\"row\">\n\n <!-- Columna Izquierda: Datos de Postulaci\u00f3n -->\n\t\t<div class=\"col-lg-6 col-md-6\" style=\"padding:30px;\";>\n\t\t\t<div class=\"row\">\n\t\t\t\t<div class=\"col-lg-12 col-md-12\">\n\t\t\t\t\t<h5>TRABAJA CON NOSOTROS\n\t\t\t\t\t<\/h5>\n\t\t\t\t<\/div>\n\n <!-- Nombres -->\n\t\t\t\t<div class=\"col-lg-6 col-md-6 col-6\">\n\t\t\t\t\t<div class=\"input-filled\" style=\"font-size:15px\">\n\t\t\t\t\t\t<p><label for=\"your-name\">Nombres <span style=\"color:red\">*<\/span><\/label><br \/>\n<span class=\"wpcf7-form-control-wrap\" data-name=\"your-name\"><input size=\"40\" maxlength=\"400\" class=\"wpcf7-form-control wpcf7-text wpcf7-validates-as-required\" aria-required=\"true\" aria-invalid=\"false\" value=\"\" type=\"text\" name=\"your-name\" \/><\/span>\n\t\t\t\t\t\t<\/p>\n\t\t\t\t\t<\/div>\n\t\t\t\t<\/div>\n <!-- Apellidos -->\n\t\t\t\t<div class=\"col-lg-6 col-md-6 col-6\">\n\t\t\t\t\t<div class=\"input-filled\" style=\"font-size:15px\">\n\t\t\t\t\t\t<p><label for=\"your-apellido\">Apellidos <span style=\"color:red\">*<\/span><\/label><br \/>\n<span class=\"wpcf7-form-control-wrap\" data-name=\"your-apellido\"><input size=\"40\" maxlength=\"400\" class=\"wpcf7-form-control wpcf7-text wpcf7-validates-as-required\" aria-required=\"true\" aria-invalid=\"false\" value=\"\" type=\"text\" name=\"your-apellido\" \/><\/span>\n\t\t\t\t\t\t<\/p>\n\t\t\t\t\t<\/div>\n\t\t\t\t<\/div>\n\n <!-- Fecha de Nacimiento -->\n\t\t\t\t<div class=\"col-lg-12 col-md-12\">\n\t\t\t\t\t<div class=\"input-filled\" style=\"font-size:15px\">\n\t\t\t\t\t\t<p><label for=\"your-nacimiento\">Fecha de Nacimiento<\/label><br \/>\n<span class=\"wpcf7-form-control-wrap\" data-name=\"your-nacimiento\"><input size=\"40\" maxlength=\"400\" class=\"wpcf7-form-control wpcf7-text\" aria-invalid=\"false\" value=\"\" type=\"text\" name=\"your-nacimiento\" \/><\/span>\n\t\t\t\t\t\t<\/p>\n\t\t\t\t\t<\/div>\n\t\t\t\t<\/div>\n\n <!-- Puesto al que postula -->\n\t\t\t\t<div class=\"col-lg-12 col-md-12\">\n\t\t\t\t\t<div class=\"input-filled\" style=\"font-size:15px\">\n\t\t\t\t\t\t<p><label for=\"select-puesto\">Puesto al que postula <span style=\"color:red\">*<\/span><\/label><br \/>\n<span class=\"wpcf7-form-control-wrap\" data-name=\"select-puesto\"><select class=\"wpcf7-form-control wpcf7-select wpcf7-validates-as-required\" aria-required=\"true\" aria-invalid=\"false\" name=\"select-puesto\"><option value=\"Agente de Seguridad\">Agente de Seguridad<\/option><option value=\"Asesor Comercial\">Asesor Comercial<\/option><option value=\"T\u00e9cnico Electr\u00f3nico\">T\u00e9cnico Electr\u00f3nico<\/option><option value=\"Operador de Central\">Operador de Central<\/option><option value=\"Supervisor de Seguridad\">Supervisor de Seguridad<\/option><option value=\"Administraci\u00f3n\">Administraci\u00f3n<\/option><option value=\"Pr\u00e1cticas Pre Profesionales\">Pr\u00e1cticas Pre Profesionales<\/option><\/select><\/span>\n\t\t\t\t\t\t<\/p>\n\t\t\t\t\t<\/div>\n\t\t\t\t<\/div>\n\n <!-- Direcci\u00f3n (l\u00edneas de direcci\u00f3n) -->\n\t\t\t\t<div class=\"col-lg-12 col-md-12\">\n\t\t\t\t\t<div class=\"input-filled\" style=\"font-size:15px\">\n\t\t\t\t\t\t<p><label for=\"your-direccion\">Direcci\u00f3n <span style=\"color:red\">*<\/span><\/label><br \/>\n<span class=\"wpcf7-form-control-wrap\" data-name=\"your-direccion\"><input size=\"40\" maxlength=\"400\" class=\"wpcf7-form-control wpcf7-text wpcf7-validates-as-required\" aria-required=\"true\" aria-invalid=\"false\" placeholder=\"Calle\/Avenida\/Manzana. N\u00famero\" value=\"\" type=\"text\" name=\"your-direccion\" \/><\/span><br \/>\n<span class=\"wpcf7-form-control-wrap\" data-name=\"your-direccion2\"><input size=\"40\" maxlength=\"400\" class=\"wpcf7-form-control wpcf7-text wpcf7-validates-as-required\" aria-required=\"true\" aria-invalid=\"false\" placeholder=\"Distrito\/Urbanizaci\u00f3n\/Condominio\" value=\"\" type=\"text\" name=\"your-direccion2\" \/><\/span>\n\t\t\t\t\t\t<\/p>\n\t\t\t\t\t<\/div>\n\t\t\t\t<\/div>\n\n <!-- Tel\u00e9fono -->\n\t\t\t\t<div class=\"col-lg-12 col-md-12\">\n\t\t\t\t\t<div class=\"input-filled\" style=\"font-size:15px\">\n\t\t\t\t\t\t<p><label for=\"your-telefono\">Tel\u00e9fono <span style=\"color:red\">*<\/span><\/label><br \/>\n<span class=\"wpcf7-form-control-wrap\" data-name=\"your-telefono\"><input size=\"40\" maxlength=\"400\" class=\"wpcf7-form-control wpcf7-tel wpcf7-validates-as-required wpcf7-text wpcf7-validates-as-tel\" aria-required=\"true\" aria-invalid=\"false\" value=\"\" type=\"tel\" name=\"your-telefono\" \/><\/span>\n\t\t\t\t\t\t<\/p>\n\t\t\t\t\t<\/div>\n\t\t\t\t<\/div>\n\n <!-- Tel\u00e9fono Fijo (opcional) -->\n\t\t\t\t<div class=\"col-lg-12 col-md-12\">\n\t\t\t\t\t<div class=\"input-filled\" style=\"font-size:15px\">\n\t\t\t\t\t\t<p><label for=\"your-fijo\">Tel\u00e9fono Fijo (opcional)<\/label><br \/>\n<span class=\"wpcf7-form-control-wrap\" data-name=\"your-fijo\"><input size=\"40\" maxlength=\"400\" class=\"wpcf7-form-control wpcf7-tel wpcf7-text wpcf7-validates-as-tel\" aria-invalid=\"false\" value=\"\" type=\"tel\" name=\"your-fijo\" \/><\/span>\n\t\t\t\t\t\t<\/p>\n\t\t\t\t\t<\/div>\n\t\t\t\t<\/div>\n\n <!-- Correo Electr\u00f3nico -->\n\t\t\t\t<div class=\"col-lg-12 col-md-12\">\n\t\t\t\t\t<div class=\"input-filled\" style=\"font-size:15px\">\n\t\t\t\t\t\t<p><label for=\"your-correo\">Correo Electr\u00f3nico <span style=\"color:red\">*<\/span><\/label><br \/>\n<span class=\"wpcf7-form-control-wrap\" data-name=\"your-correo\"><input size=\"40\" maxlength=\"400\" class=\"wpcf7-form-control wpcf7-email wpcf7-validates-as-required wpcf7-text wpcf7-validates-as-email\" aria-required=\"true\" aria-invalid=\"false\" value=\"\" type=\"email\" name=\"your-correo\" \/><\/span>\n\t\t\t\t\t\t<\/p>\n\t\t\t\t\t<\/div>\n\t\t\t\t<\/div>\n\n <!-- Experiencia y\/o Certificaciones (Opcional) -->\n\t\t\t\t<div class=\"col-lg-12 col-md-12\">\n\t\t\t\t\t<div class=\"input-filled\" style=\"font-size:15px\">\n\t\t\t\t\t\t<p><label for=\"your-experiencia\">Experiencia y\/o Certificaciones(Opcional)<\/label><br \/>\n<span class=\"wpcf7-form-control-wrap\" data-name=\"your-experiencia\"><textarea cols=\"40\" rows=\"10\" maxlength=\"2000\" class=\"wpcf7-form-control wpcf7-textarea\" aria-invalid=\"false\" name=\"your-experiencia\"><\/textarea><\/span>\n\t\t\t\t\t\t<\/p>\n\t\t\t\t\t<\/div>\n\t\t\t\t<\/div>\n\t\t\t<\/div><!-- row interno -->\n\t\t<\/div><!-- Fin col Izquierda -->\n\n <!-- Columna Derecha: Convocatorias Abiertas -->\n\t\t<div class=\"col-lg-6 col-md-6\" style=\"padding:30px;\">\n\t\t\t<div class=\"row\">\n\t\t\t\t<div class=\"col-lg-12 col-md-12\">\n\t\t\t\t\t<h5>CONVOCATORIAS ABIERTAS\n\t\t\t\t\t<\/h5>\n\t\t\t\t<\/div>\n\t\t\t\t<div class=\"col-lg-12 col-md-12\">\n\t\t\t\t\t<p>Forma parte de nuestro equipo de profesionales.\n\t\t\t\t\t<\/p>\n\t\t\t\t\t<p>\u27a4 Supervisor de Seguridad para Trujillo\n\t\t\t\t\t<\/p>\n\t\t\t\t\t<p>\u27a4 Agente de Seguridad para Anc\u00f3n\n\t\t\t\t\t<\/p>\n\t\t\t\t\t<p>\u27a4 Agente de Seguridad para Vir\u00fa\n\t\t\t\t\t<\/p>\n\t\t\t\t\t<p>\u27a4 Asistente de Facturaci\u00f3n y Cobranza\n\t\t\t\t\t<\/p>\n\t\t\t\t\t<p>\u27a4 Asistente para Puesto de Control en Trujillo\n\t\t\t\t\t<\/p>\n\t\t\t\t<\/div>\n\t\t\t<\/div>\n\t\t<\/div><!-- Fin col Derecha -->\n\n <!-- Secci\u00f3n para Adjuntar CV -->\n\t\t<div class=\"col-lg-12 col-md-12\" style=\"margin-top:20px;border-top:solid #054c7a 3px;background-color:#f1f1f1\">\n\t\t\t<div style=\"border-bottom: solid #ccc 2px; padding:20px 40px; height:140px\">\n\t\t\t\t<p style=\"margin:10px 0;\"><strong>\u27a4 Antes de enviar sus datos<\/strong>, adjunte su CV como documento de Word o PDF.\n\t\t\t\t<\/p>\n\t\t\t\t<p><label for=\"up-file\" class=\"up-file-cv\">ADJUNTAR CV<\/label><br \/>\n<span class=\"wpcf7-form-control-wrap\" data-name=\"up-file\"><input size=\"40\" class=\"wpcf7-form-control wpcf7-file wpcf7-validates-as-required custom-file-upload\" id=\"up-file\" accept=\".pdf,.doc,.docx\" aria-required=\"true\" aria-invalid=\"false\" type=\"file\" name=\"up-file\" \/><\/span>\n\t\t\t\t<\/p>\n\t\t\t<\/div>\n <!-- Bot\u00f3n Enviar -->\n\t\t\t<div class=\"input-filled no-margin\" style=\"display:flex; align-items:center;justify-content:end;height:80px;\">\n\t\t\t\t<p><button type=\"submit\" class=\"wpcf7-submit\" style=\"background-color:#054c7a; display:flex; height:30px;align-items:center; margin-right: 20px\">Enviar Datos<\/button>\n\t\t\t\t<\/p>\n\t\t\t<\/div>\n\t\t<\/div><!-- row -->\n\t<\/div><!-- wp-row-ctf7 -->\n<\/div><div class=\"wpcf7-response-output\" aria-hidden=\"true\"><\/div>\n<\/form>\n<\/div>\n<\/div>\n\t\t\t\t\t\t<\/div>\n\t\t\t\t<\/div>\n\t\t\t\t\t<\/div>\n\t\t<\/div>\n\t\t\t\t\t<\/div>\n\t\t<\/section>\n\t\t\t\t<\/div>\n\t\t","protected":false},"excerpt":{"rendered":"","protected":false},"author":1,"featured_media":0,"parent":0,"menu_order":35,"comment_status":"closed","ping_status":"closed","template":"","meta":{"_acf_changed":false,"inline_featured_image":false,"footnotes":""},"class_list":["post-219","page","type-page","status-publish","hentry"],"acf":[],"aioseo_notices":[],"_links":{"self":[{"href":"https:\/\/koanhub.com\/ultrasegur\/wp-json\/wp\/v2\/pages\/219","targetHints":{"allow":["GET"]}}],"collection":[{"href":"https:\/\/koanhub.com\/ultrasegur\/wp-json\/wp\/v2\/pages"}],"about":[{"href":"https:\/\/koanhub.com\/ultrasegur\/wp-json\/wp\/v2\/types\/page"}],"author":[{"embeddable":true,"href":"https:\/\/koanhub.com\/ultrasegur\/wp-json\/wp\/v2\/users\/1"}],"replies":[{"embeddable":true,"href":"https:\/\/koanhub.com\/ultrasegur\/wp-json\/wp\/v2\/comments?post=219"}],"version-history":[{"count":49,"href":"https:\/\/koanhub.com\/ultrasegur\/wp-json\/wp\/v2\/pages\/219\/revisions"}],"predecessor-version":[{"id":3408,"href":"https:\/\/koanhub.com\/ultrasegur\/wp-json\/wp\/v2\/pages\/219\/revisions\/3408"}],"wp:attachment":[{"href":"https:\/\/koanhub.com\/ultrasegur\/wp-json\/wp\/v2\/media?parent=219"}],"curies":[{"name":"wp","href":"https:\/\/api.w.org\/{rel}","templated":true}]}}