{"id":22,"date":"2024-12-20T14:19:48","date_gmt":"2024-12-20T14:19:48","guid":{"rendered":"https:\/\/koanhub.com\/ultrasegur\/testimonios\/"},"modified":"2025-03-26T22:41:44","modified_gmt":"2025-03-26T22:41:44","slug":"testimonios","status":"publish","type":"page","link":"https:\/\/koanhub.com\/ultrasegur\/testimonios\/","title":{"rendered":"Testimonios"},"content":{"rendered":"\t\t<div data-elementor-type=\"wp-page\" data-elementor-id=\"22\" class=\"elementor elementor-22\" data-elementor-post-type=\"page\">\n\t\t\t\t\t\t<section class=\"elementor-section elementor-top-section elementor-element elementor-element-44682830 pbmit-col-stretched-none pbmit-cursor-color-blackish-color pbmit-bg-color-over-image elementor-section-boxed elementor-section-height-default elementor-section-height-default\" data-id=\"44682830\" data-element_type=\"section\" data-e-type=\"section\">\n\t\t\t\t\t\t<div class=\"elementor-container elementor-column-gap-default\">\n\t\t\t\t\t<div class=\"elementor-column elementor-col-100 elementor-top-column elementor-element elementor-element-3af64fd7 pbmit-bg-color-over-image\" data-id=\"3af64fd7\" data-element_type=\"column\" data-e-type=\"column\">\n\t\t\t<div class=\"elementor-widget-wrap elementor-element-populated\">\n\t\t\t\t\t\t<div class=\"elementor-element elementor-element-064fe06 pbmit-align-left elementor-widget elementor-widget-pbmit_testimonial_element\" data-id=\"064fe06\" data-element_type=\"widget\" data-e-type=\"widget\" data-widget_type=\"pbmit_testimonial_element.default\">\n\t\t\t\t<div class=\"elementor-widget-container\">\n\t\t\t\t\t\r\n\t\t<div class=\"pbminfotech-element pbminfotech-element-testimonial pbmit-element-testimonial-style-2 pbmit-element-viewtype-row-column pbmit-element-sticky-carousel-false pbminfotech-gap-default pbmit-infinite-scroll-no pbmit-infinite-scroll-button-no\" data-cpt=\"testimonial\" data-totalpagination=\"1\" data-style=\"2\" data-show=\"6\" data-columns=\"2\" data-loop=\"false\" data-autoplay=\"false\" data-center=\"false\" data-nav=\"false\" data-dots=\"false\" data-reverse=\"false\" data-autoplayspeed=\"1000\" data-margin=\"default\"><div class=\"pbmit-element-inner\">\r\n\t\t<div class=\"pbmit-ele-header-area\">\r\n\t\t\t\t<div class=\"pbmit-heading-subheading \"><\/div>\t\t<\/div>\r\n\r\n\t\t<div class=\"pbmit-infinite-scroll-data\">{\"cpt\":\"testimonial\",\"style\":\"2\",\"columns\":\"2\",\"show\":\"6\",\"order\":\"DESC\",\"orderby\":\"none\"}<\/div>\r\n\t\t\t<div class=\"pbmit-element-posts-wrapper row multi-columns-row \">\r\n\t\t\t\t\t<article class=\"pbmit-ele pbmit-ele-testimonial pbmit-testimonial-style-2 col-md-6  pbmit-odd pbmit-col-odd\"><div class=\"pbminfotech-post-item\">\r\n\t<div class=\"pbminfotech-author-wrapper\">\r\n\t\t<div class=\"pbminfotech-testimonial-wrapper\">\r\n\t\t\t<div class=\"pbminfotech-testimonial-wrapper-inner\">\r\n\t\t\t\t<div class=\"pbminfotech-box-star-ratings\"><i class=\"pbmit-base-icon-pointed-star pbmit-active\"><\/i><i class=\"pbmit-base-icon-pointed-star pbmit-active\"><\/i><i class=\"pbmit-base-icon-pointed-star pbmit-active\"><\/i><i class=\"pbmit-base-icon-pointed-star pbmit-active\"><\/i><i class=\"pbmit-base-icon-pointed-star pbmit-active\"><\/i><\/div>\t\t\t\t<blockquote class=\"pbminfotech-testimonial-text\"><p><span style=\"font-weight: 400\">ULTRASEGUR ha demostrado compromiso y eficiencia en la seguridad de nuestras instalaciones. Su equipo es altamente profesional y confiable, brindando tranquilidad a nuestros socios y colaboradores.<\/span><\/p>\n<\/blockquote>\r\n\t\t\t<\/div>\r\n\t\t<\/div>\r\n\t\t<div class=\"pbminfotech-box-content\">\r\n\t\t\t<div class=\"pbminfotech-box-author\">\r\n\t\t\t\t<h3 class=\"pbminfotech-box-title\">Enrique Herrera Flores &#8211; Country Club de Trujillo<\/h3>\r\n\t\t\t\t\t\t\t<\/div>\r\n\t\t<\/div>\r\n\t<\/div>\r\n<\/div>\r\n<\/article><article class=\"pbmit-ele pbmit-ele-testimonial pbmit-testimonial-style-2 col-md-6  pbmit-even pbmit-col-odd\"><div class=\"pbminfotech-post-item\">\r\n\t<div class=\"pbminfotech-author-wrapper\">\r\n\t\t<div class=\"pbminfotech-testimonial-wrapper\">\r\n\t\t\t<div class=\"pbminfotech-testimonial-wrapper-inner\">\r\n\t\t\t\t<div class=\"pbminfotech-box-star-ratings\"><i class=\"pbmit-base-icon-pointed-star pbmit-active\"><\/i><i class=\"pbmit-base-icon-pointed-star pbmit-active\"><\/i><i class=\"pbmit-base-icon-pointed-star pbmit-active\"><\/i><i class=\"pbmit-base-icon-pointed-star pbmit-active\"><\/i><i class=\"pbmit-base-icon-pointed-star pbmit-active\"><\/i><\/div>\t\t\t\t<blockquote class=\"pbminfotech-testimonial-text\"><p><span style=\"font-weight: 400\">Recomiendo ampliamente los servicios de ULTRASEGUR, con quienes mantenemos un contrato vigente por seguridad y vigilancia privada. Durante nuestra colaboraci\u00f3n, hemos notado mejoras significativas en el control de acceso a nuestras instalaciones, as\u00ed como en la comunicaci\u00f3n y desempe\u00f1o del equipo de trabajo. Debido a su calidad de servicio, estamos considerando ampliar su cobertura en nuestras dem\u00e1s sedes en un futuro cercano.<\/span><\/p>\n<\/blockquote>\r\n\t\t\t<\/div>\r\n\t\t<\/div>\r\n\t\t<div class=\"pbminfotech-box-content\">\r\n\t\t\t<div class=\"pbminfotech-box-author\">\r\n\t\t\t\t<h3 class=\"pbminfotech-box-title\">Wilson Gonz\u00e1lez Silva &#8211; Productos Av\u00edcolas Chicama<\/h3>\r\n\t\t\t\t\t\t\t<\/div>\r\n\t\t<\/div>\r\n\t<\/div>\r\n<\/div>\r\n<\/article><article class=\"pbmit-ele pbmit-ele-testimonial pbmit-testimonial-style-2 col-md-6  pbmit-odd pbmit-col-even\"><div class=\"pbminfotech-post-item\">\r\n\t<div class=\"pbminfotech-author-wrapper\">\r\n\t\t<div class=\"pbminfotech-testimonial-wrapper\">\r\n\t\t\t<div class=\"pbminfotech-testimonial-wrapper-inner\">\r\n\t\t\t\t<div class=\"pbminfotech-box-star-ratings\"><i class=\"pbmit-base-icon-pointed-star pbmit-active\"><\/i><i class=\"pbmit-base-icon-pointed-star pbmit-active\"><\/i><i class=\"pbmit-base-icon-pointed-star pbmit-active\"><\/i><i class=\"pbmit-base-icon-pointed-star pbmit-active\"><\/i><i class=\"pbmit-base-icon-pointed-star pbmit-active\"><\/i><\/div>\t\t\t\t<blockquote class=\"pbminfotech-testimonial-text\"><p><span style=\"font-weight: 400\">Nuestra empresa ha sido testigo de la dedicaci\u00f3n, responsabilidad y calidad en los servicios de ULTRASEGUR. Han demostrado una gran capacidad de respuesta ante contingencias, mejorando nuestro sistema de seguridad y cumpliendo puntualmente con la atenci\u00f3n a los derechos laborales de su equipo. Considerando nuestra experiencia previa, reitero que son la mejor opci\u00f3n en el mercado.<\/span><\/p>\n<\/blockquote>\r\n\t\t\t<\/div>\r\n\t\t<\/div>\r\n\t\t<div class=\"pbminfotech-box-content\">\r\n\t\t\t<div class=\"pbminfotech-box-author\">\r\n\t\t\t\t<h3 class=\"pbminfotech-box-title\">Roberto Quiroz Calle \u2013 Droguer\u00eda Las Am\u00e9ricas<\/h3>\r\n\t\t\t\t\t\t\t<\/div>\r\n\t\t<\/div>\r\n\t<\/div>\r\n<\/div>\r\n<\/article><article class=\"pbmit-ele pbmit-ele-testimonial pbmit-testimonial-style-2 col-md-6  pbmit-even pbmit-col-even\"><div class=\"pbminfotech-post-item\">\r\n\t<div class=\"pbminfotech-author-wrapper\">\r\n\t\t<div class=\"pbminfotech-testimonial-wrapper\">\r\n\t\t\t<div class=\"pbminfotech-testimonial-wrapper-inner\">\r\n\t\t\t\t<div class=\"pbminfotech-box-star-ratings\"><i class=\"pbmit-base-icon-pointed-star pbmit-active\"><\/i><i class=\"pbmit-base-icon-pointed-star pbmit-active\"><\/i><i class=\"pbmit-base-icon-pointed-star pbmit-active\"><\/i><i class=\"pbmit-base-icon-pointed-star pbmit-active\"><\/i><i class=\"pbmit-base-icon-pointed-star pbmit-active\"><\/i><\/div>\t\t\t\t<blockquote class=\"pbminfotech-testimonial-text\"><p><span style=\"font-weight: 400\">ULTRASEGUR ha demostrado compromiso y eficiencia en la seguridad de nuestra universidad. Su equipo ofrece un servicio confiable, con atenci\u00f3n r\u00e1pida y soluciones efectivas ante cualquier contingencia.<\/span><\/p>\n<\/blockquote>\r\n\t\t\t<\/div>\r\n\t\t<\/div>\r\n\t\t<div class=\"pbminfotech-box-content\">\r\n\t\t\t<div class=\"pbminfotech-box-author\">\r\n\t\t\t\t<h3 class=\"pbminfotech-box-title\">Percy Anhuaman Casta\u00f1eda &#8211; Universidad Se\u00f1or de Sip\u00e1n<\/h3>\r\n\t\t\t\t\t\t\t<\/div>\r\n\t\t<\/div>\r\n\t<\/div>\r\n<\/div>\r\n<\/article><article class=\"pbmit-ele pbmit-ele-testimonial pbmit-testimonial-style-2 col-md-6  pbmit-odd pbmit-col-odd\"><div class=\"pbminfotech-post-item\">\r\n\t<div class=\"pbminfotech-author-wrapper\">\r\n\t\t<div class=\"pbminfotech-testimonial-wrapper\">\r\n\t\t\t<div class=\"pbminfotech-testimonial-wrapper-inner\">\r\n\t\t\t\t<div class=\"pbminfotech-box-star-ratings\"><i class=\"pbmit-base-icon-pointed-star pbmit-active\"><\/i><i class=\"pbmit-base-icon-pointed-star pbmit-active\"><\/i><i class=\"pbmit-base-icon-pointed-star pbmit-active\"><\/i><i class=\"pbmit-base-icon-pointed-star pbmit-active\"><\/i><i class=\"pbmit-base-icon-pointed-star pbmit-active\"><\/i><\/div>\t\t\t\t<blockquote class=\"pbminfotech-testimonial-text\"><p><span style=\"font-weight: 400\">Hemos mantenido un contrato vigente con ULTRASEGUR por servicios de seguridad y vigilancia privada. Su dedicaci\u00f3n, responsabilidad y calidad han mejorado nuestro sistema de seguridad. Adem\u00e1s, han demostrado una r\u00e1pida capacidad de respuesta ante contingencias.<\/span><\/p>\n<\/blockquote>\r\n\t\t\t<\/div>\r\n\t\t<\/div>\r\n\t\t<div class=\"pbminfotech-box-content\">\r\n\t\t\t<div class=\"pbminfotech-box-author\">\r\n\t\t\t\t<h3 class=\"pbminfotech-box-title\">Manuel Moncada Casta\u00f1eda &#8211; Molino Trujillo<\/h3>\r\n\t\t\t\t\t\t\t<\/div>\r\n\t\t<\/div>\r\n\t<\/div>\r\n<\/div>\r\n<\/article><article class=\"pbmit-ele pbmit-ele-testimonial pbmit-testimonial-style-2 col-md-6  pbmit-even pbmit-col-odd\"><div class=\"pbminfotech-post-item\">\r\n\t<div class=\"pbminfotech-author-wrapper\">\r\n\t\t<div class=\"pbminfotech-testimonial-wrapper\">\r\n\t\t\t<div class=\"pbminfotech-testimonial-wrapper-inner\">\r\n\t\t\t\t<div class=\"pbminfotech-box-star-ratings\"><i class=\"pbmit-base-icon-pointed-star pbmit-active\"><\/i><i class=\"pbmit-base-icon-pointed-star pbmit-active\"><\/i><i class=\"pbmit-base-icon-pointed-star pbmit-active\"><\/i><i class=\"pbmit-base-icon-pointed-star pbmit-active\"><\/i><i class=\"pbmit-base-icon-pointed-star pbmit-active\"><\/i><\/div>\t\t\t\t<blockquote class=\"pbminfotech-testimonial-text\"><p><span style=\"font-weight: 400\">La empresa ULTRASEGUR nos brinda servicio de seguridad electr\u00f3nica y f\u00edsica, cumpliendo con las especificaciones t\u00e9cnicas requeridas por nuestra \u00e1rea de seguridad. Su desempe\u00f1o ha sido satisfactorio, cumpliendo con los est\u00e1ndares exigidos.<\/span><\/p>\n<\/blockquote>\r\n\t\t\t<\/div>\r\n\t\t<\/div>\r\n\t\t<div class=\"pbminfotech-box-content\">\r\n\t\t\t<div class=\"pbminfotech-box-author\">\r\n\t\t\t\t<h3 class=\"pbminfotech-box-title\">Luis Mannucci Rebaza \u2013 Gases del Norte del Per\u00fa<\/h3>\r\n\t\t\t\t\t\t\t<\/div>\r\n\t\t<\/div>\r\n\t<\/div>\r\n<\/div>\r\n<\/article>\t\t\t\t<\/div> <!-- .pbmit-element-posts-wrapper -->\r\n\r\n\t\t\t\t\r\n\t\t\r\n\t\t\r\n\t\t<\/div><!-- .pbmit-element-inner -->   <\/div><!-- .pbminfotech-element -->  \r\n\t    \t\t\t\t<\/div>\n\t\t\t\t<\/div>\n\t\t\t\t\t<\/div>\n\t\t<\/div>\n\t\t\t\t\t<\/div>\n\t\t<\/section>\n\t\t\t\t<section class=\"elementor-section elementor-top-section elementor-element elementor-element-6cd5716b pbmit-bg-color-yes pbmit-elementor-bg-color-secondary pbmit-col-stretched-none pbmit-cursor-color-blackish-color pbmit-bg-color-over-image elementor-section-boxed elementor-section-height-default elementor-section-height-default\" data-id=\"6cd5716b\" data-element_type=\"section\" data-e-type=\"section\">\n\t\t\t\t\t\t<div class=\"elementor-container elementor-column-gap-default\">\n\t\t\t\t\t<div class=\"elementor-column elementor-col-100 elementor-top-column elementor-element elementor-element-4d8a1f13 pbmit-bg-color-over-image\" data-id=\"4d8a1f13\" data-element_type=\"column\" data-e-type=\"column\">\n\t\t\t<div class=\"elementor-widget-wrap elementor-element-populated\">\n\t\t\t\t\t\t<section class=\"elementor-section elementor-inner-section elementor-element elementor-element-7d9adf18 elementor-section-content-middle pbmit-col-stretched-none pbmit-cursor-color-blackish-color pbmit-bg-color-over-image elementor-section-boxed elementor-section-height-default elementor-section-height-default\" data-id=\"7d9adf18\" data-element_type=\"section\" data-e-type=\"section\">\n\t\t\t\t\t\t<div class=\"elementor-container elementor-column-gap-default\">\n\t\t\t\t\t<div class=\"elementor-column elementor-col-33 elementor-inner-column elementor-element elementor-element-1d2c4bc2 pbmit-bg-color-over-image\" data-id=\"1d2c4bc2\" data-element_type=\"column\" data-e-type=\"column\">\n\t\t\t<div class=\"elementor-widget-wrap elementor-element-populated\">\n\t\t\t\t\t\t<div class=\"elementor-element elementor-element-799113c0 pbmit-animation-style3 elementor-widget__width-initial elementor-widget elementor-widget-image\" data-id=\"799113c0\" data-element_type=\"widget\" data-e-type=\"widget\" data-widget_type=\"image.default\">\n\t\t\t\t<div class=\"elementor-widget-container\">\n\t\t\t\t\t\t\t\t\t\t\t\t\t\t\t<img decoding=\"async\" width=\"150\" height=\"150\" src=\"https:\/\/koanhub.com\/ultrasegur\/wp-content\/uploads\/2023\/06\/iso-ultrasegur-400-alt-150x150.png\" class=\"attachment-thumbnail size-thumbnail wp-image-2731\" alt=\"\" srcset=\"https:\/\/koanhub.com\/ultrasegur\/wp-content\/uploads\/2023\/06\/iso-ultrasegur-400-alt-150x150.png 150w, https:\/\/koanhub.com\/ultrasegur\/wp-content\/uploads\/2023\/06\/iso-ultrasegur-400-alt-300x300.png 300w, https:\/\/koanhub.com\/ultrasegur\/wp-content\/uploads\/2023\/06\/elementor\/thumbs\/iso-ultrasegur-400-alt-r2f2tfo0gm18pi1otfq4e529qtydwxe6imy1m45888.png 100w, https:\/\/koanhub.com\/ultrasegur\/wp-content\/uploads\/2023\/06\/elementor\/thumbs\/iso-ultrasegur-400-alt-r2f2tfo0tro66wht53zh0yps217vigcwa6blgjae8k.png 130w, https:\/\/koanhub.com\/ultrasegur\/wp-content\/uploads\/2023\/06\/elementor\/thumbs\/iso-ultrasegur-400-alt-r2f2tfo0pdsj13ofp7wctctxyaspna1bozv2ue8o8g.png 120w, https:\/\/koanhub.com\/ultrasegur\/wp-content\/uploads\/2023\/06\/iso-ultrasegur-400-alt.png 400w\" sizes=\"(max-width: 150px) 100vw, 150px\" \/>\t\t\t\t\t\t\t\t\t\t\t\t\t\t\t<\/div>\n\t\t\t\t<\/div>\n\t\t\t\t\t<\/div>\n\t\t<\/div>\n\t\t\t\t<div class=\"elementor-column elementor-col-33 elementor-inner-column elementor-element elementor-element-7bc48882 pbmit-bg-color-over-image\" data-id=\"7bc48882\" data-element_type=\"column\" data-e-type=\"column\">\n\t\t\t<div class=\"elementor-widget-wrap elementor-element-populated\">\n\t\t\t\t\t\t<div class=\"elementor-element elementor-element-f7f9a0e elementor-widget__width-initial elementor-widget elementor-widget-text-editor\" data-id=\"f7f9a0e\" data-element_type=\"widget\" data-e-type=\"widget\" data-widget_type=\"text-editor.default\">\n\t\t\t\t<div class=\"elementor-widget-container\">\n\t\t\t\t\t\t\t\t\t<p><span style=\"font-weight: 400; color: #ffffff;\"><strong>\u00bfDESEAS CONOCER M\u00c1S SOBRE LA EXPERIENCIA DE NUESTROS CLIENTES?<\/strong> <br \/>Cont\u00e1ctanos y descubre c\u00f3mo podemos brindarte seguridad con los m\u00e1s altos est\u00e1ndares del sector<\/span><\/p>\t\t\t\t\t\t\t\t<\/div>\n\t\t\t\t<\/div>\n\t\t\t\t\t<\/div>\n\t\t<\/div>\n\t\t\t\t<div class=\"elementor-column elementor-col-33 elementor-inner-column elementor-element elementor-element-94636ea pbmit-text-color-white pbmit-bg-color-over-image\" data-id=\"94636ea\" data-element_type=\"column\" data-e-type=\"column\">\n\t\t\t<div class=\"elementor-widget-wrap elementor-element-populated\">\n\t\t\t\t\t\t<div class=\"elementor-element elementor-element-4d2a5394 pbmit-btn-color-light elementor-align-center pbmit-btn-hover-color-blackish pbmit-btn-style-flat pbmit-btn-shape-square elementor-widget elementor-widget-button\" data-id=\"4d2a5394\" data-element_type=\"widget\" data-e-type=\"widget\" data-widget_type=\"button.default\">\n\t\t\t\t<div class=\"elementor-widget-container\">\n\t\t\t\t\t\t\t\t\t<div class=\"elementor-button-wrapper\">\n\t\t\t\t\t<a class=\"elementor-button elementor-button-link elementor-size-sm\" href=\"https:\/\/api.whatsapp.com\/send?phone=51986940552&#038;text=%C2%A1Quiero%20estar%20m%C3%A1s%20protegido!\">\n\t\t\t\t\t\t<span class=\"elementor-button-content-wrapper\">\n\t\t\t\t\t\t\t\t\t<span class=\"elementor-button-text\">Cont\u00e1ctanos Ahora<\/span>\n\t\t\t\t\t<\/span>\n\t\t\t\t\t<\/a>\n\t\t\t\t<\/div>\n\t\t\t\t\t\t\t\t<\/div>\n\t\t\t\t<\/div>\n\t\t\t\t\t<\/div>\n\t\t<\/div>\n\t\t\t\t\t<\/div>\n\t\t<\/section>\n\t\t\t\t\t<\/div>\n\t\t<\/div>\n\t\t\t\t\t<\/div>\n\t\t<\/section>\n\t\t\t\t<\/div>\n\t\t","protected":false},"excerpt":{"rendered":"<p>{&#8220;cpt&#8221;:&#8221;testimonial&#8221;,&#8221;style&#8221;:&#8221;2&#8243;,&#8221;columns&#8221;:&#8221;2&#8243;,&#8221;show&#8221;:&#8221;6&#8243;,&#8221;order&#8221;:&#8221;DESC&#8221;,&#8221;orderby&#8221;:&#8221;none&#8221;} ULTRASEGUR ha demostrado compromiso y eficiencia en la seguridad de nuestras instalaciones. Su equipo es altamente profesional y confiable, brindando tranquilidad a nuestros socios y colaboradores. Enrique Herrera Flores &#8211; Country Club de Trujillo Recomiendo ampliamente los servicios de ULTRASEGUR, con quienes mantenemos un contrato vigente por seguridad y vigilancia privada. Durante nuestra colaboraci\u00f3n, [&hellip;]<\/p>\n","protected":false},"author":1,"featured_media":0,"parent":0,"menu_order":0,"comment_status":"closed","ping_status":"closed","template":"","meta":{"_acf_changed":false,"inline_featured_image":false,"footnotes":""},"class_list":["post-22","page","type-page","status-publish","hentry"],"acf":[],"aioseo_notices":[],"_links":{"self":[{"href":"https:\/\/koanhub.com\/ultrasegur\/wp-json\/wp\/v2\/pages\/22","targetHints":{"allow":["GET"]}}],"collection":[{"href":"https:\/\/koanhub.com\/ultrasegur\/wp-json\/wp\/v2\/pages"}],"about":[{"href":"https:\/\/koanhub.com\/ultrasegur\/wp-json\/wp\/v2\/types\/page"}],"author":[{"embeddable":true,"href":"https:\/\/koanhub.com\/ultrasegur\/wp-json\/wp\/v2\/users\/1"}],"replies":[{"embeddable":true,"href":"https:\/\/koanhub.com\/ultrasegur\/wp-json\/wp\/v2\/comments?post=22"}],"version-history":[{"count":11,"href":"https:\/\/koanhub.com\/ultrasegur\/wp-json\/wp\/v2\/pages\/22\/revisions"}],"predecessor-version":[{"id":3575,"href":"https:\/\/koanhub.com\/ultrasegur\/wp-json\/wp\/v2\/pages\/22\/revisions\/3575"}],"wp:attachment":[{"href":"https:\/\/koanhub.com\/ultrasegur\/wp-json\/wp\/v2\/media?parent=22"}],"curies":[{"name":"wp","href":"https:\/\/api.w.org\/{rel}","templated":true}]}}