{"id":2329,"date":"2025-02-28T07:28:58","date_gmt":"2025-02-28T07:28:58","guid":{"rendered":"https:\/\/koanhub.com\/ultrasegur\/?page_id=2329"},"modified":"2025-03-26T05:39:24","modified_gmt":"2025-03-26T05:39:24","slug":"cotizacion","status":"publish","type":"page","link":"https:\/\/koanhub.com\/ultrasegur\/cotizacion\/","title":{"rendered":"Cotizaci\u00f3n"},"content":{"rendered":"\t\t<div data-elementor-type=\"wp-page\" data-elementor-id=\"2329\" class=\"elementor elementor-2329\" data-elementor-post-type=\"page\">\n\t\t\t\t\t\t<section class=\"elementor-section elementor-top-section elementor-element elementor-element-46e09ee6 elementor-section-full_width elementor-section-stretched pbmit-col-stretched-none pbmit-cursor-color-blackish-color pbmit-bg-color-over-image elementor-section-height-default elementor-section-height-default\" data-id=\"46e09ee6\" data-element_type=\"section\" data-e-type=\"section\" data-settings=\"{&quot;stretch_section&quot;:&quot;section-stretched&quot;}\">\n\t\t\t\t\t\t<div class=\"elementor-container elementor-column-gap-default\">\n\t\t\t\t\t<div class=\"elementor-column elementor-col-100 elementor-top-column elementor-element elementor-element-233e9594 pbmit-bg-color-over-image\" data-id=\"233e9594\" data-element_type=\"column\" data-e-type=\"column\">\n\t\t\t<div class=\"elementor-widget-wrap elementor-element-populated\">\n\t\t\t\t\t\t<div class=\"elementor-element elementor-element-2bb2144 elementor-widget elementor-widget-html\" data-id=\"2bb2144\" data-element_type=\"widget\" data-e-type=\"widget\" data-widget_type=\"html.default\">\n\t\t\t\t<div class=\"elementor-widget-container\">\n\t\t\t\t\t<div style=\"background-color:#f1f1f1;border-top:solid red 3px;height:50px;align-items:center;display:flex;justify-content:start;font-size:14px\">\n    <span> \ud83d\udd12 Todos sus datos est\u00e1n protegidos por nuestra politica de privacidad.<\/span>\n<\/div>\t\t\t\t<\/div>\n\t\t\t\t<\/div>\n\t\t\t\t<div class=\"elementor-element elementor-element-37f6805d elementor-widget elementor-widget-shortcode\" data-id=\"37f6805d\" data-element_type=\"widget\" data-e-type=\"widget\" data-widget_type=\"shortcode.default\">\n\t\t\t\t<div class=\"elementor-widget-container\">\n\t\t\t\t\t\t\t<div class=\"elementor-shortcode\">\n<div class=\"wpcf7 no-js\" id=\"wpcf7-f2350-o1\" lang=\"es-ES\" dir=\"ltr\" data-wpcf7-id=\"2350\">\n<div class=\"screen-reader-response\"><p role=\"status\" aria-live=\"polite\" aria-atomic=\"true\"><\/p> <ul><\/ul><\/div>\n<form action=\"\/ultrasegur\/wp-json\/wp\/v2\/pages\/2329#wpcf7-f2350-o1\" method=\"post\" class=\"wpcf7-form init\" aria-label=\"Formulario de contacto\" novalidate=\"novalidate\" data-status=\"init\">\n<fieldset class=\"hidden-fields-container\"><input type=\"hidden\" name=\"_wpcf7\" value=\"2350\" \/><input type=\"hidden\" name=\"_wpcf7_version\" value=\"6.1.5\" \/><input type=\"hidden\" name=\"_wpcf7_locale\" value=\"es_ES\" \/><input type=\"hidden\" name=\"_wpcf7_unit_tag\" value=\"wpcf7-f2350-o1\" \/><input type=\"hidden\" name=\"_wpcf7_container_post\" value=\"0\" \/><input type=\"hidden\" name=\"_wpcf7_posted_data_hash\" value=\"\" \/>\n<\/fieldset>\n<div class=\"wp-row-ctf7\" style=\"background-color:white;font-size:14px\">\n\t<div class=\"row\">\n\n <!-- Columna Izquierda: Datos de Cotizaci\u00f3n-->\n\t\t<div class=\"col-lg-6 col-md-6\" style=\"padding:30px;\";>\n\t\t\t<div class=\"row\">\n\t\t\t\t<div class=\"col-lg-12 col-md-12\">\n\t\t\t\t\t<h5>SOLICITAR COTIZACI\u00d3N\n\t\t\t\t\t<\/h5>\n\t\t\t\t<\/div>\n\n <!-- Nombres -->\n\t\t\t\t<div class=\"col-lg-6 col-md-6 col-6\">\n\t\t\t\t\t<div class=\"input-filled\" style=\"font-size:15px\">\n\t\t\t\t\t\t<p><label for=\"your-name\">Nombres <span style=\"color:red\">*<\/span><\/label><br \/>\n<span class=\"wpcf7-form-control-wrap\" data-name=\"your-name\"><input size=\"40\" maxlength=\"400\" class=\"wpcf7-form-control wpcf7-text wpcf7-validates-as-required\" aria-required=\"true\" aria-invalid=\"false\" value=\"\" type=\"text\" name=\"your-name\" \/><\/span>\n\t\t\t\t\t\t<\/p>\n\t\t\t\t\t<\/div>\n\t\t\t\t<\/div>\n <!-- Apellidos -->\n\t\t\t\t<div class=\"col-lg-6 col-md-6 col-6\">\n\t\t\t\t\t<div class=\"input-filled\" style=\"font-size:15px\">\n\t\t\t\t\t\t<p><label for=\"your-apellido\">Apellidos <span style=\"color:red\">*<\/span><\/label><br \/>\n<span class=\"wpcf7-form-control-wrap\" data-name=\"your-apellido\"><input size=\"40\" maxlength=\"400\" class=\"wpcf7-form-control wpcf7-text wpcf7-validates-as-required\" aria-required=\"true\" aria-invalid=\"false\" value=\"\" type=\"text\" name=\"your-apellido\" \/><\/span>\n\t\t\t\t\t\t<\/p>\n\t\t\t\t\t<\/div>\n\t\t\t\t<\/div>\n\n <!-- Empresa -->\n\t\t\t\t<div class=\"col-lg-12 col-md-12\">\n\t\t\t\t\t<div class=\"input-filled\" style=\"font-size:15px\">\n\t\t\t\t\t\t<p><label for=\"your-empresa\">Empresa (Opcional)<\/label><br \/>\n<span class=\"wpcf7-form-control-wrap\" data-name=\"your-empresa\"><input size=\"40\" maxlength=\"400\" class=\"wpcf7-form-control wpcf7-text\" aria-invalid=\"false\" value=\"\" type=\"text\" name=\"your-empresa\" \/><\/span>\n\t\t\t\t\t\t<\/p>\n\t\t\t\t\t<\/div>\n\t\t\t\t<\/div>\n\n <!-- Ciudad -->\n\t\t\t\t<div class=\"col-lg-12 col-md-12\">\n\t\t\t\t\t<div class=\"input-filled\" style=\"font-size:15px\">\n\t\t\t\t\t\t<p><label for=\"select-ciudad\">Ciudad<span style=\"color:red\">*<\/span><\/label><br \/>\n<span class=\"wpcf7-form-control-wrap\" data-name=\"your-ciudad\"><select class=\"wpcf7-form-control wpcf7-select wpcf7-validates-as-required\" aria-required=\"true\" aria-invalid=\"false\" name=\"your-ciudad\"><option value=\"Trujillo\">Trujillo<\/option><option value=\"Chiclayo\">Chiclayo<\/option><option value=\"Lima\">Lima<\/option><option value=\"Otro\">Otro<\/option><\/select><\/span>\n\t\t\t\t\t\t<\/p>\n\t\t\t\t\t<\/div>\n\t\t\t\t<\/div>\n\n <!-- Direcci\u00f3n (l\u00edneas de direcci\u00f3n) -->\n\t\t\t\t<div class=\"col-lg-12 col-md-12\">\n\t\t\t\t\t<div class=\"input-filled\" style=\"font-size:15px\">\n\t\t\t\t\t\t<p><label for=\"your-direccion\">Direcci\u00f3n <span style=\"color:red\">*<\/span><\/label><br \/>\n<span class=\"wpcf7-form-control-wrap\" data-name=\"your-direccion\"><input size=\"40\" maxlength=\"400\" class=\"wpcf7-form-control wpcf7-text wpcf7-validates-as-required\" aria-required=\"true\" aria-invalid=\"false\" placeholder=\"Calle\/Avenida\/Manzana. N\u00famero\" value=\"\" type=\"text\" name=\"your-direccion\" \/><\/span><br \/>\n<span class=\"wpcf7-form-control-wrap\" data-name=\"your-direccion2\"><input size=\"40\" maxlength=\"400\" class=\"wpcf7-form-control wpcf7-text wpcf7-validates-as-required\" aria-required=\"true\" aria-invalid=\"false\" placeholder=\"Distrito\/Urbanizaci\u00f3n\/Condominio\" value=\"\" type=\"text\" name=\"your-direccion2\" \/><\/span>\n\t\t\t\t\t\t<\/p>\n\t\t\t\t\t<\/div>\n\t\t\t\t<\/div>\n\n <!-- Tel\u00e9fono -->\n\t\t\t\t<div class=\"col-lg-12 col-md-12\">\n\t\t\t\t\t<div class=\"input-filled\" style=\"font-size:15px\">\n\t\t\t\t\t\t<p><label for=\"your-telefono\">Tel\u00e9fono <span style=\"color:red\">*<\/span><\/label><br \/>\n<span class=\"wpcf7-form-control-wrap\" data-name=\"your-telefono\"><input size=\"40\" maxlength=\"400\" class=\"wpcf7-form-control wpcf7-tel wpcf7-validates-as-required wpcf7-text wpcf7-validates-as-tel\" aria-required=\"true\" aria-invalid=\"false\" value=\"\" type=\"tel\" name=\"your-telefono\" \/><\/span>\n\t\t\t\t\t\t<\/p>\n\t\t\t\t\t<\/div>\n\t\t\t\t<\/div>\n\n <!-- Correo Electr\u00f3nico -->\n\t\t\t\t<div class=\"col-lg-12 col-md-12\">\n\t\t\t\t\t<div class=\"input-filled\" style=\"font-size:15px\">\n\t\t\t\t\t\t<p><label for=\"your-correo\">Correo Electr\u00f3nico <span style=\"color:red\">*<\/span><\/label><br \/>\n<span class=\"wpcf7-form-control-wrap\" data-name=\"your-correo\"><input size=\"40\" maxlength=\"400\" class=\"wpcf7-form-control wpcf7-email wpcf7-validates-as-required wpcf7-text wpcf7-validates-as-email\" aria-required=\"true\" aria-invalid=\"false\" value=\"\" type=\"email\" name=\"your-correo\" \/><\/span>\n\t\t\t\t\t\t<\/p>\n\t\t\t\t\t<\/div>\n\t\t\t\t<\/div>\n\n <!-- Experiencia y\/o Certificaciones (Opcional) -->\n\t\t\t\t<div class=\"col-lg-12 col-md-12\">\n\t\t\t\t\t<div class=\"input-filled\" style=\"font-size:15px\">\n\t\t\t\t\t\t<p><label for=\"your-experiencia\">Experiencia y\/o Certificaciones(Opcional)<\/label><br \/>\n<span class=\"wpcf7-form-control-wrap\" data-name=\"your-experiencia\"><textarea cols=\"40\" rows=\"10\" maxlength=\"2000\" class=\"wpcf7-form-control wpcf7-textarea\" aria-invalid=\"false\" name=\"your-experiencia\"><\/textarea><\/span>\n\t\t\t\t\t\t<\/p>\n\t\t\t\t\t<\/div>\n\t\t\t\t<\/div>\n\t\t\t<\/div><!-- row interno -->\n\t\t<\/div><!-- Fin col Izquierda -->\n\n <!-- Columna Derecha: Informaci\u00f3n Adicional -->\n\t\t<div class=\"col-lg-6 col-md-6\" style=\"padding:30px;\">\n\t\t\t<div class=\"row\">\n\t\t\t\t<div class=\"col-lg-12 col-md-12\">\n\t\t\t\t\t<h5>INFORMACI\u00d3N ADICIONAL\n\t\t\t\t\t<\/h5>\n\t\t\t\t<\/div>\n\t\t\t\t<div class=\"col-lg-12 col-md-12\">\n\t\t\t\t\t<p><label for=\"your-informacion\">Aqu\u00ed puedes detallar informaci\u00f3n relevante para el servicio en el que est\u00e1 interesado. (Opcional)<\/label><br \/>\n<span class=\"wpcf7-form-control-wrap\" data-name=\"your-informacion\"><textarea cols=\"40\" rows=\"10\" maxlength=\"2000\" class=\"wpcf7-form-control wpcf7-textarea\" aria-invalid=\"false\" name=\"your-informacion\"><\/textarea><\/span>\n\t\t\t\t\t<\/p>\n\t\t\t\t<\/div>\n\t\t\t<\/div>\n\t\t<\/div><!-- Fin col Derecha -->\n\t\t<div class=\"col-lg-12 col-md-12\" style=\"margin-top:20px;border-top:solid red 3px;background-color:#f1f1f1\">\n\t\t\t<div style=\"display:flex;align-items:center;height:70px;\">\n\t\t\t\t<p style=\"margin:0;padding-left:30px\"> \ud83d\udcde Luego de enviar su solicitud, un especialista en seguridad se pondr\u00e1n en contacto de inmediato para brindarle m\u00e1s informaci\u00f3n.\n\t\t\t\t<\/p>\n\t\t\t<\/div>\n\t\t\t<div class=\"input-filled no-margin\" style=\"display:flex; align-items:end;justify-content:end;height:100px;margin-bottom:20px\">\n\t\t\t\t<p><button type=\"submit\" class=\"wpcf7-submit\" style=\"background-color:#054c7a; display:flex; height:30px;align-items:center; margin-right: 20px\">Enviar Datos<\/button>\n\t\t\t\t<\/p>\n\t\t\t<\/div>\n\t\t<\/div><!-- row -->\n\t<\/div><!-- wp-row-ctf7 -->\n<\/div><div class=\"wpcf7-response-output\" aria-hidden=\"true\"><\/div>\n<\/form>\n<\/div>\n<\/div>\n\t\t\t\t\t\t<\/div>\n\t\t\t\t<\/div>\n\t\t\t\t\t<\/div>\n\t\t<\/div>\n\t\t\t\t\t<\/div>\n\t\t<\/section>\n\t\t\t\t<\/div>\n\t\t","protected":false},"excerpt":{"rendered":"<p>\ud83d\udd12 Todos sus datos est\u00e1n protegidos por nuestra politica de privacidad.<\/p>\n","protected":false},"author":1,"featured_media":0,"parent":0,"menu_order":0,"comment_status":"closed","ping_status":"closed","template":"","meta":{"_acf_changed":false,"inline_featured_image":false,"footnotes":""},"class_list":["post-2329","page","type-page","status-publish","hentry"],"acf":[],"aioseo_notices":[],"_links":{"self":[{"href":"https:\/\/koanhub.com\/ultrasegur\/wp-json\/wp\/v2\/pages\/2329","targetHints":{"allow":["GET"]}}],"collection":[{"href":"https:\/\/koanhub.com\/ultrasegur\/wp-json\/wp\/v2\/pages"}],"about":[{"href":"https:\/\/koanhub.com\/ultrasegur\/wp-json\/wp\/v2\/types\/page"}],"author":[{"embeddable":true,"href":"https:\/\/koanhub.com\/ultrasegur\/wp-json\/wp\/v2\/users\/1"}],"replies":[{"embeddable":true,"href":"https:\/\/koanhub.com\/ultrasegur\/wp-json\/wp\/v2\/comments?post=2329"}],"version-history":[{"count":27,"href":"https:\/\/koanhub.com\/ultrasegur\/wp-json\/wp\/v2\/pages\/2329\/revisions"}],"predecessor-version":[{"id":3486,"href":"https:\/\/koanhub.com\/ultrasegur\/wp-json\/wp\/v2\/pages\/2329\/revisions\/3486"}],"wp:attachment":[{"href":"https:\/\/koanhub.com\/ultrasegur\/wp-json\/wp\/v2\/media?parent=2329"}],"curies":[{"name":"wp","href":"https:\/\/api.w.org\/{rel}","templated":true}]}}